{"id":1225,"date":"2022-01-24T16:53:32","date_gmt":"2022-01-24T15:53:32","guid":{"rendered":"https:\/\/alertadh.org\/centre-empresa-i-dh\/"},"modified":"2024-12-12T13:32:09","modified_gmt":"2024-12-12T12:32:09","slug":"centro-empresa-y-dh","status":"publish","type":"page","link":"https:\/\/alertadh.org\/es\/centro-empresa-y-dh\/","title":{"rendered":"Llamamiento para dar apoyo a la creaci\u00f3n del Centro Catal\u00e1n de Empresa y Derechos Humanos"},"content":{"rendered":"\n<p> Desde  2015, la sociedad civil catalana trabaja constante e incansablemente  para impulsar la creaci\u00f3n de un Centro Catal\u00e1n de Empresa y Derechos  Humanos, con el objetivo de velar para que la internacionalizaci\u00f3n de la  econom\u00eda catalana no genere impactos negativos y vulnere derechos  humanos, especialmente en los pa\u00edses m\u00e1s empobrecidos, y con el \u00e1nimo de  avanzar hacia la regulaci\u00f3n del sector empresarial para el respeto de  los derechos humanos y del medio ambiente. El volumen de este sector  empresarial es considerable, dado que al menos <strong>3.000 empresas catalanas operan en el exterior, de forma directa o mediante m\u00e1s de 7.500 filiales.<\/strong><\/p>\n\n\n\n<p> Este  Centro ser\u00e1 un organismo p\u00fablico e independiente y servir\u00e1 para evaluar  el impacto exterior de las operaciones de las empresas transnacionales  con sede en Catalunya y\/o que tienen inversiones y actividades en  Catalunya. Para llevar a cabo esta labor el Centro tendr\u00e1 la capacidad  de <strong>investigar  y dar seguimiento a quejas sobre posibles vulneraciones de derechos  humanos formuladas por comunidades directamente afectadas<\/strong> o bien por parte de entidades u organizaciones sociales. Adem\u00e1s, tambi\u00e9n dispondr\u00e1 de <strong>capacidad sancionadora<\/strong> hacia las empresas cuando \u00e9stas no ofrezcan la informaci\u00f3n que se les pida. <\/p>\n\n\n\n<p> El d\u00eda 5 de julio de 2021 se registr\u00f3 por segunda vez en el <strong>Parlament de Catalunya la<a href=\"https:\/\/www.lafede.cat\/wp-content\/uploads\/2021\/07\/Proposicio_Llei_registre_EmpresaiDH_juliol2021.pdf\"> Propuesta de Ley para la creaci\u00f3n de este centro<\/a><\/strong>\u2013  el cambio de legislatura oblig\u00f3 a volver a registrar la Ley.  Actualmente, la ley debe volver a obtener una mayor\u00eda de votaciones de  parte de los grupos parlamentarios, a fin de que el Centro Catal\u00e1n de  Empresa y Derechos Humanos vea la luz y sea un referente en la <strong>defensa de los derechos humanos en nuestro pa\u00eds<\/strong>.&nbsp; <\/p>\n\n\n\n<p> La creaci\u00f3n de este centro significar\u00eda que Catalu\u00f1a es coherente con sus pol\u00edticas p\u00fablicas, y situar\u00eda a Catalunya como <strong>pionera en la defensa de los derechos humanos en el mundo<\/strong>,  poniendo al alcance mecanismos efectivos para garantizar la actuaci\u00f3n  responsable de las empresas transnacionales que operan en Catalunya. <\/p>\n\n\n\n<p> El grupo impulsor de esta propuesta legislativa ha sido el Grupo catal\u00e1n de Empresa y Derechos humanos que forman  <a href=\"https:\/\/www.lafede.cat\/ca\/\">Lafede.cat \u2013 Organitzacions per a la Just\u00edcia Global<\/a> i <a href=\"https:\/\/www.taulacolombia.org\/ca\/\">la Taula Catalana per la Pau i els Drets Humans a Col\u00f2mbia<\/a>,  ambas  plataformas de segundo nivel que representan a unas 150 entidades del  tercer sector y que recibi\u00f3 el apoyo de hasta 8.000 entidades de la  sociedad civil en el momento de formalizarse el registro de la ley en el  Parlament de Catalunya. <\/p>\n\n\n\n<p> Ante la futura votaci\u00f3n de la ley en el Parlamento que tendr\u00e1 lugar el 2024, vemos imprescindible volver a demostrar que la propuesta cuenta con el apoyo de una <strong>gran base social<\/strong> que se posiciona a favor de la coherencia de pol\u00edticas, la justicia y los derechos humanos. Por este motivo, motivamos a <strong>firmar este manifiesto<\/strong>, para pedir vuestro apoyo a la creaci\u00f3n del Centro de Empresa y Derechos Humanos en Catalunya.<br><\/p>\n\n\n\n<p> Ahora,  m\u00e1s que nunca, necesitamos de vuestro apoyo para impulsar la creaci\u00f3n  de un centro que ser\u00e1 referente a nivel mundial. Demostremos que no nos  quedamos de brazos cruzados, sino que tomamos acciones concretas en la  defensa de los derechos humanos. <strong>Ponemos fin a la impunidad<\/strong>. <\/p>\n\n\n\n<h2 class=\"wp-block-heading has-text-align-left\">                     Adhesiones individuales                  <\/h2>\n\n\n\n<div\n\t\t\t\tid=\"hustle-embedded-id-1\"\n\t\t\t\tclass=\"hustle-ui hustle-inline hustle-palette--sunrise hustle_module_id_1 module_id_1   hustle-size--custom\"\n\t\t\t\t\n\t\t\tdata-id=\"1\"\n\t\t\tdata-render-id=\"0\"\n\t\t\tdata-tracking=\"disabled\"\n\t\t\t\n\t\t\t\tdata-intro=\"no_animation\"\n\t\t\t\tdata-sub-type=\"shortcode\"\n\t\t\t\t\n\t\t\t\tstyle=\"opacity: 0;\"\n\t\t\t\taria-label=\"Adhesions individuals \/ Adhesiones individuales popup\"\n\t\t\t><div class=\"hustle-inline-content\"><div class=\"hustle-optin hustle-optin--focus-optin\"><div class=\"hustle-success\" data-close-delay=\"false\" style=\"display: none;\"><span class=\"hustle-icon-check\" aria-hidden=\"true\"><\/span><div class=\"hustle-success-content\"><\/div><\/div><div class=\"hustle-layout\"><div class=\"hustle-main-wrapper\"><div class=\"hustle-layout-body\"><div class=\"hustle-layout-content\"><div class=\"hustle-content\"><div class=\"hustle-content-wrap\"><div class=\"hustle-group-title\"><h3 class=\"hustle-title\">Adhesions individuals \/ Adhesiones individuales<\/h3><\/div><\/div><\/div><\/div><form class=\"hustle-layout-form\" novalidate=\"novalidate\"><div class=\"hustle-form\"><div class=\"hustle-form-fields hustle-proximity-separated\"><div class=\"hustle-field hustle-field-required \"><label for=\"hustle-field-name-module-1\" id=\"hustle-field-name-module-1-label\" class=\"hustle-screen-reader\">Nom \/ Nombre<\/label><input id=\"hustle-field-name-module-1\" type=\"name\" class=\"hustle-input \" name=\"name\" value=\"\" aria-labelledby=\"hustle-field-name-module-1-label\" data-validate=\"\" data-required-error=\"Your name is required.\" \/><span class=\"hustle-input-label\" aria-hidden=\"true\" style=\"flex-flow: row nowrap;\"><span>Nom \/ Nombre<\/span><\/span><\/div><div class=\"hustle-field hustle-field-required \"><label for=\"hustle-field-name-83-module-1\" id=\"hustle-field-name-83-module-1-label\" class=\"hustle-screen-reader\">Cognoms \/Apellidos<\/label><input id=\"hustle-field-name-83-module-1\" type=\"name\" class=\"hustle-input \" name=\"name-83\" value=\"\" aria-labelledby=\"hustle-field-name-83-module-1-label\" data-validate=\"\" data-required-error=\"Your name is required.\" \/><span class=\"hustle-input-label\" aria-hidden=\"true\" style=\"flex-flow: row nowrap;\"><span>Cognoms \/Apellidos<\/span><\/span><\/div><div class=\"hustle-field hustle-field-required \"><label for=\"hustle-field-email-module-1\" id=\"hustle-field-email-module-1-label\" class=\"hustle-screen-reader\">Email<\/label><input id=\"hustle-field-email-module-1\" type=\"email\" class=\"hustle-input \" name=\"email\" value=\"\" aria-labelledby=\"hustle-field-email-module-1-label\" data-validate=\"1\" data-required-error=\"Email field is required.\" data-validation-error=\"Please enter a valid email.\" \/><span class=\"hustle-input-label\" aria-hidden=\"true\" style=\"flex-flow: row nowrap;\"><span>El teu email \/ Tu mail<\/span><\/span><\/div><button class=\"hustle-button hustle-button-submit \" aria-live=\"polite\" data-loading-text=\"Form is being submitted, please wait a bit.\"><span class=\"hustle-button-text\">Signar la crida \/Firmar el llamamiento<\/span><span class=\"hustle-icon-loader hustle-loading-icon\" aria-hidden=\"true\"><\/span><\/button><\/div><\/div><input type=\"hidden\" name=\"hustle_module_id\" value=\"1\"><input type=\"hidden\" name=\"post_id\" value=\"0\"><input type=\"hidden\" name=\"hustle_sub_type\" value=\"shortcode\"><label for=\"hustle-gdpr-module-1-0\" class=\"hustle-checkbox hustle-gdpr \"><input type=\"checkbox\" name=\"gdpr\" id=\"hustle-gdpr-module-1-0\" data-required-error=\"Please accept the terms and try again.\"  \/><span aria-hidden=\"true\"><\/span><span>He llegit i accepto <a href=\"https:\/\/alertadh.org\/politica-de-privacitat\/\" target=\"_blank\">els termes i condicions de privacitat i tractament de dades d'AlertaDH.<\/a>He le\u00eddo y acepto los &lt; ahref=\"https:\/\/alertadh.org\/politica-de-privacitat\/\"&gt;t\u00e9rminos y condiciones de privacidad y tratamiento de datos de AlertaDH.<\/span><\/label><div class=\"hustle-error-message\" style=\"display: none;\" data-default-error=\"Algo fall\u00f3, por favor, prueba de nuevo.\"><\/div><\/form><\/div><\/div><\/div><\/div><\/div><\/div>\n\n\n\n<h2 class=\"wp-block-heading\">                      Adhesiones de colectivos y entidades                   <\/h2>\n\n\n\n<div\n\t\t\t\tid=\"hustle-embedded-id-3\"\n\t\t\t\tclass=\"hustle-ui hustle-inline hustle-palette--sunrise hustle_module_id_3 module_id_3   hustle-size--custom\"\n\t\t\t\t\n\t\t\tdata-id=\"3\"\n\t\t\tdata-render-id=\"0\"\n\t\t\tdata-tracking=\"disabled\"\n\t\t\t\n\t\t\t\tdata-intro=\"no_animation\"\n\t\t\t\tdata-sub-type=\"shortcode\"\n\t\t\t\t\n\t\t\t\tstyle=\"opacity: 0;\"\n\t\t\t\taria-label=\"Adhesions d'entitats i col\u00b7lectius \/ Adhesiones de entidades y colectivos popup\"\n\t\t\t><div class=\"hustle-inline-content\"><div class=\"hustle-optin hustle-optin--focus-optin\"><div class=\"hustle-success\" data-close-delay=\"false\" style=\"display: none;\"><span class=\"hustle-icon-check\" aria-hidden=\"true\"><\/span><div class=\"hustle-success-content\"><\/div><\/div><div class=\"hustle-layout\"><div class=\"hustle-main-wrapper\"><div class=\"hustle-layout-body\"><div class=\"hustle-layout-content\"><div class=\"hustle-content\"><div class=\"hustle-content-wrap\"><div class=\"hustle-group-title\"><h3 class=\"hustle-title\">Adhesions d'entitats i col\u00b7lectius \/ Adhesiones de entidades y colectivos<\/h3><\/div><\/div><\/div><\/div><form class=\"hustle-layout-form\" novalidate=\"novalidate\"><div class=\"hustle-form\"><div class=\"hustle-form-fields hustle-proximity-separated\"><div class=\"hustle-field hustle-field-required \"><label for=\"hustle-field-name-module-3\" id=\"hustle-field-name-module-3-label\" class=\"hustle-screen-reader\">Nom de l'entitat o del col\u00b7lectiu \/ Nombre de la entidad o colectivo<\/label><input id=\"hustle-field-name-module-3\" type=\"name\" class=\"hustle-input \" name=\"name\" value=\"\" aria-labelledby=\"hustle-field-name-module-3-label\" data-validate=\"\" data-required-error=\"Your name is required.\" \/><span class=\"hustle-input-label\" aria-hidden=\"true\" style=\"flex-flow: row nowrap;\"><span>Nom de l'entitat o del col\u00b7lectiu \/ Nombre de la entidad o colectivo<\/span><\/span><\/div><div class=\"hustle-field hustle-field-required \"><label for=\"hustle-field-name-36-module-3\" id=\"hustle-field-name-36-module-3-label\" class=\"hustle-screen-reader\">Persona de contacte \/Persona de contacto<\/label><input id=\"hustle-field-name-36-module-3\" type=\"name\" class=\"hustle-input \" name=\"name-36\" value=\"\" aria-labelledby=\"hustle-field-name-36-module-3-label\" data-validate=\"\" data-required-error=\"Your name is required.\" \/><span class=\"hustle-input-label\" aria-hidden=\"true\" style=\"flex-flow: row nowrap;\"><span>Persona de contacte \/Persona de contacto<\/span><\/span><\/div><div class=\"hustle-field hustle-field-required \"><label for=\"hustle-field-email-module-3\" id=\"hustle-field-email-module-3-label\" class=\"hustle-screen-reader\">Email de contacte \/Email de contacto<\/label><input id=\"hustle-field-email-module-3\" type=\"email\" class=\"hustle-input \" name=\"email\" value=\"\" aria-labelledby=\"hustle-field-email-module-3-label\" data-validate=\"1\" data-required-error=\"Email field is required.\" data-validation-error=\"Please enter a valid email.\" \/><span class=\"hustle-input-label\" aria-hidden=\"true\" style=\"flex-flow: row nowrap;\"><span>Mail de contacte de l'entitat \/Mail de contacto de la entidad<\/span><\/span><\/div><div class=\"hustle-field \"><label for=\"hustle-field-url-module-3\" id=\"hustle-field-url-module-3-label\" class=\"hustle-screen-reader\">Website<\/label><input id=\"hustle-field-url-module-3\" type=\"url\" class=\"hustle-input \" name=\"url\" value=\"\" aria-labelledby=\"hustle-field-url-module-3-label\" data-validate=\"1\" data-validation-error=\"Please enter a valid url.\" \/><span class=\"hustle-input-label\" aria-hidden=\"true\" style=\"flex-flow: row nowrap;\"><span>Website<\/span><\/span><\/div><button class=\"hustle-button hustle-button-submit \" aria-live=\"polite\" data-loading-text=\"Form is being submitted, please wait a bit.\"><span class=\"hustle-button-text\">Signar la crida \/Firmar el llamamiento<\/span><span class=\"hustle-icon-loader hustle-loading-icon\" aria-hidden=\"true\"><\/span><\/button><\/div><\/div><input type=\"hidden\" name=\"hustle_module_id\" value=\"3\"><input type=\"hidden\" name=\"post_id\" value=\"0\"><input type=\"hidden\" name=\"hustle_sub_type\" value=\"shortcode\"><label for=\"hustle-gdpr-module-3-0\" class=\"hustle-checkbox hustle-gdpr \"><input type=\"checkbox\" name=\"gdpr\" id=\"hustle-gdpr-module-3-0\" data-required-error=\"Please accept the terms and try again.\"  \/><span aria-hidden=\"true\"><\/span><span>He llegit i accepto <a href=\"https:\/\/alertadh.org\/politica-de-privacitat\/\" target=\"_blank\">els termes i condicions de privacitat i tractament de dades d'AlertaDH.<\/a>He le\u00eddo y acepto los<a href=\"https:\/\/alertadh.org\/politica-de-privacitat\/\" target=\"_blank\"> t\u00e9rminos y condiciones de privacidad y tratamiento de datos de AlertaDH.<\/a><\/span><\/label><div class=\"hustle-error-message\" style=\"display: none;\" data-default-error=\"Algo di\u00f3 error. Por favor, prueba de nuevo.\"><\/div><\/form><\/div><\/div><\/div><\/div><\/div><\/div>\n\n\n\n<h2 class=\"wp-block-heading\">                      Entidades y colectivos que ya dan apoyo        <\/h2>\n\n\n\n<p>M\u00e1s de 8.000 organizaciones sociales ya le dan apoyo. La iniciativa cuenta con los principales sindicatos de Catalunya (<a href=\"https:\/\/www.ccoo.cat\/\">CCOO Catalunya<\/a>, la <a href=\"http:\/\/www.ugt.cat\/\">UGT de Catalunya<\/a> y la <a href=\"https:\/\/www.intersindical-csc.cat\/\">Intersindical-CSC<\/a>), as\u00ed como el <a href=\"https:\/\/www.fonscatala.org\/ca\">Fons Catal\u00e0 de Cooperaci\u00f3 al Desenvolupament<\/a>, organismo con 319 socios, de los cuales 287 son ayntamientos (que representan el 85% de la poblaci\u00f3n catalana), 14 consejos comarcales, 4 diputaciones, una mancomunidad y 13 entidades y ONG. Tambi\u00e9n dan su apoyo el <a href=\"https:\/\/www.cnjc.cat\/ca\">Consell Nacional de la Joventut de Catalunya<\/a> y el <a href=\"https:\/\/www.cjb.cat\/\">Consell de la Joventut de Barcelona<\/a>, el <a href=\"https:\/\/www.cab.cat\/\">Consell d\u2019Associacions de Barcelona<\/a> y numerosas organizaciones como son la <a href=\"https:\/\/economiasocialcatalunya.cat\/sobre-laescat\/\">AESCAT<\/a> (Associaci\u00f3 d\u2019Economia Solid\u00e0ria de Catalunya) una entidad de cuarto nivel que aglutina a 7.422 organizaciones y agrupa a las principales plafatormas de representaci\u00f3n de las diferentes fam\u00edlias de econom\u00eda social de Catalunya: la <a href=\"https:\/\/www.cooperativescatalunya.coop\/index.php\/ca\/\">Confederaci\u00f3 de Cooperatives de Catalunya<\/a>, la <a href=\"https:\/\/www.tercersector.cat\/\">Taula d\u2019Entitats del Tercer Sector Social de Catalunya<\/a>, la <a href=\"https:\/\/laconfederacio.org\/\">Confederaci\u00f3 Empresarial del Tercer Sector Social de Catalunya<\/a>, la <a href=\"https:\/\/www.mutualitats.cat\/\">Federaci\u00f3 de Mutualitats de Catalunya<\/a> i la <a href=\"https:\/\/xes.cat\/\">Xarxa d\u2019Economia Solid\u00e0ria de Catalunya<\/a>. <\/p>\n\n\n\n<p>Tambi\u00e9n dan su apoyo las siguientes entidades, movimientos y campa\u00f1as:<\/p>\n\n\n\n<p>Aigua \u00e9s Vida<br>Alba Sud<br>Almena Cooperativa Feminista<br>Amb Cura \u2013 Associaci\u00f3 de Cuidadores<br>Ambdrets<br>Associaci\u00f3 Catalana per la Pau<br>Associaci\u00f3 Coopera Sant Feliu Ca la Vidala<br>Associaci\u00f3 de Cuidadores Obliq\u00fces<br>Associaci\u00f3 EcoSS Ecosistemas Econom\u00edas Solidaridad Sostenibilidad<br>Associaci\u00f3 Impacte. Cinema i Drets Humans<br>ATENEU DEL M\u00d3N<br>Basoa<br>Ca la Vidala, centre de formaci\u00f3 i creaci\u00f3 en dansa<br>Campanya Catalunya No als TCI<br>Campa\u00f1a No a los Tratados de Comercio e Inversi\u00f3n<br>C\u00e0tedra UNESCO de Desenvolupament Hum\u00e0 Sostenible, Universitat de Girona<br>Centre de formaci\u00f3 i creaci\u00f3 en dansa<br>CICrA Just\u00edcia Ambiental SCCL<br>Col\u00b7lectiu l&#8217;Altraveu<br>Col\u00b7lectiu Maloka<br>Col\u00b7lectiu Ronda d\u2019advocats i advocades<br>COLECTIVA DE MUJERES REFUGIADAS EXILIADAS Y MIGRADAS<br>Colectivo de colombianos refugiados en Asturias<br>COMISSI\u00d3 CATALANA D&#8217;AJUDA AL REFUGIAT<br>COMIT\u00c8 DE SOLIDARITAT OSCAR ROMERO<br>Comunitat Palestina de Catalunya<br>Cooperaci\u00f3 Activa al Camp de Tarragona<br>Coopt\u00e8cniques<br>Creaci\u00f3n Positiva<br>DESOS Opci\u00f3 Solid\u00e0ria<br>Ecosol ongd<br>EcoSS Ecosistemas Econom\u00edas Solidaridad Sostenibilidad<br>Exiliadas y Migradas<br>Federaci\u00f3 ACAPS<br>FETS-Finan\u00e7ament \u00c8tic i Solidari<br>Fondo Verde<br>Fundaci\u00f3 Intered<br>Fundaci\u00f3 Pau i Solidaritat PV<br>Fundaci\u00f3 Pere Casald\u00e0liga<br>Fundaci\u00f3 SURT<br>FundiPau<br>Grup Eirene<br>H\u00e8lia<br>Huitaca pacte per la vida i per la pau<br>Just\u00edcia i Pau<br>Just\u00edcia i Pau Barcelona<br>L\u2019Associaci\u00f3 de Drets Sexuals i Reproductius<br>La Colectiva de Mujeres Refugiadas,Exiliadas y Migradas<br>La Kaseta Ideas Factory<br>L&#8217;Associaci\u00f3 de Drets Sexuals i Reproductius<br>Llegat Jaume Botey i Vall\u00e8s<br>Lliga dels Drets dels Pobles<br>Marxa Mundial de Dones<br>Mujeres Migrantes Diversas<br>Obliq\u00fces Associaci\u00f3<br>Observatorio de Multinacionales en Am\u00e9rica Latina (OMAL) &#8211; Paz con Dignidad<br>Oikocredit Catalunya<br>Omnium Cultural<br>Opcions de consum responsable SCCL<br>Rebel\u00b7li\u00f3 o Extinci\u00f3 Barcelona<br>Sindicato Popular de Vendedores Ambulantes<br>Solidaritat Castelldefels Kasando<br>Taula de l&#8217;aigua de Terrassa<br>UNI\u00d3 SINDICAL OBRERA DE CATALUNYA<\/p>\n","protected":false},"excerpt":{"rendered":"<p>Desde 2015, la sociedad civil catalana trabaja constante e incansablemente para impulsar la creaci\u00f3n de un Centro Catal\u00e1n de Empresa y Derechos Humanos, con el objetivo de velar para que la internacionalizaci\u00f3n de la econom\u00eda catalana no genere impactos negativos y vulnere derechos humanos, especialmente en los pa\u00edses m\u00e1s empobrecidos, y con el \u00e1nimo de avanzar hacia la regulaci\u00f3n del sector empresarial para el respeto de los derechos humanos y del medio ambiente. El volumen de este sector empresarial es considerable, dado que al menos 3.000 empresas catalanas operan en el exterior, de forma directa o mediante m\u00e1s de 7.500 [&hellip;]<\/p>\n","protected":false},"author":14,"featured_media":1234,"parent":0,"menu_order":0,"comment_status":"closed","ping_status":"closed","template":"","meta":{"_acf_changed":false,"footnotes":""},"class_list":["post-1225","page","type-page","status-publish","has-post-thumbnail","hentry"],"acf":[],"_links":{"self":[{"href":"https:\/\/alertadh.org\/es\/wp-json\/wp\/v2\/pages\/1225","targetHints":{"allow":["GET"]}}],"collection":[{"href":"https:\/\/alertadh.org\/es\/wp-json\/wp\/v2\/pages"}],"about":[{"href":"https:\/\/alertadh.org\/es\/wp-json\/wp\/v2\/types\/page"}],"author":[{"embeddable":true,"href":"https:\/\/alertadh.org\/es\/wp-json\/wp\/v2\/users\/14"}],"replies":[{"embeddable":true,"href":"https:\/\/alertadh.org\/es\/wp-json\/wp\/v2\/comments?post=1225"}],"version-history":[{"count":8,"href":"https:\/\/alertadh.org\/es\/wp-json\/wp\/v2\/pages\/1225\/revisions"}],"predecessor-version":[{"id":2310,"href":"https:\/\/alertadh.org\/es\/wp-json\/wp\/v2\/pages\/1225\/revisions\/2310"}],"wp:featuredmedia":[{"embeddable":true,"href":"https:\/\/alertadh.org\/es\/wp-json\/wp\/v2\/media\/1234"}],"wp:attachment":[{"href":"https:\/\/alertadh.org\/es\/wp-json\/wp\/v2\/media?parent=1225"}],"curies":[{"name":"wp","href":"https:\/\/api.w.org\/{rel}","templated":true}]}}