{"id":288,"date":"2019-10-01T11:08:50","date_gmt":"2019-10-01T09:08:50","guid":{"rendered":"https:\/\/alertadh.org\/observatori\/"},"modified":"2024-12-12T13:16:48","modified_gmt":"2024-12-12T12:16:48","slug":"observatori","status":"publish","type":"page","link":"https:\/\/alertadh.org\/es\/observatori\/","title":{"rendered":"Grupo catal\u00e1n de empresa y derechos humanos"},"content":{"rendered":"\n<p><strong>\u00bfQui\u00e9nes somos?<\/strong><\/p>\n\n\n\n<p>El grupo catal\u00e1n de empresa y DDHH est\u00e1 conformado por 22 entidades de dos plataformas de segundo nivel, <a href=\"http:\/\/www.lafede.cat\/\">Lafede.cat \u2013 Organitzacions per a la Just\u00edcia Global<\/a> y la <a href=\"http:\/\/www.taulacolombia.org\/\">Taula Catalana per la Pau i els Drets Humans a Col\u00f2mbia<\/a>, adem\u00e1s de contar con personas expertas de la Universitat Aut\u00f2noma de Barcelona, la Universitat de Barcelona, la Universitat de Girona, la Universitat Rovira i Virgili y la Universitat del Pa\u00eds Vasco. Las 22 entidades que formamos el grupo somos la <a href=\"https:\/\/acaps.cat\/acaps\/\">ACAPS &#8211; Federaci\u00f3 d\u2019Associacions Catalanes Amigues del Poble Sahrau\u00ed<\/a>, <a href=\"https:\/\/www.alianzaporlasolidaridad.org\/\">Alianza por la Solidaridad<\/a>, <a href=\"https:\/\/alternativa-ong.org\/ca\/\">AlterNativa Intercanvi amb Pobles ind\u00edgenes<\/a>, <a href=\"http:\/\/www.amnistiacatalunya.org\/\">Amnistia Internacional Catalunya<\/a>, <a href=\"http:\/\/www.centredelas.org\/ca\/\">Centre Del\u00e0s<\/a>, <a href=\"https:\/\/www.ccar.cat\/\">Comissi\u00f3 Catalana d\u2019Ajuda al Refugiat<\/a>, <a href=\"http:\/\/www.cooperaccio.org\/\">Cooperacci\u00f3<\/a>, <a href=\"https:\/\/esf-cat.org\/\">Enginyeria Sense Fronteres<\/a>, <a href=\"https:\/\/www.entrepobles.org\/\">Entrepobles<\/a>, <a href=\"https:\/\/farmaceuticosmundi.org\/?lang=ca\">Farmamundi<\/a>, <a href=\"https:\/\/pauisolidaritat.ccoo.cat\/\">Fundaci\u00f3 Pau i Solidaritat- CCOO Catalunya<\/a>, <a href=\"https:\/\/cat.justiciaalimentaria.org\/\">Just\u00edcia Aliment\u00e0ria Global<\/a>, <a href=\"https:\/\/www.justiciaipau.org\/\">Just\u00edcia i Pau<\/a>, <a href=\"https:\/\/novact.org\/?lang=cat\">NOVACT<\/a>, <a href=\"https:\/\/observatoridesc.org\/\">Observatori DESC<\/a>, <a href=\"https:\/\/odg.cat\/\">ODG<\/a>, <a href=\"https:\/\/www.oxfamintermon.org\/ca\/\">Oxfam Interm\u00f3n<\/a>, <a href=\"https:\/\/reds.ong\/ca\">REDS<\/a>, <a href=\"http:\/\/www.setem.org\/site\/cat\/federacion\">SETEM<\/a>, <a href=\"https:\/\/suds.cat\/\">SUDS<\/a>, <a href=\"https:\/\/www.taulapermexic.org\/\">Taula per M\u00e8xic<\/a> y <a href=\"http:\/\/www.pbi-ee.org\/\">Brigades Internacionals de Pau de Catalunya (PBI)<\/a> como entidad observadora.<\/p>\n\n\n\n<p>Echamos a andar en noviembre de 2014 con la idea de hacer incidencia sobre las instituciones catalanas para que aplicaran la coherencia de pol\u00edticas p\u00fablicas tal y como les obliga la <a href=\"https:\/\/portaljuridic.gencat.cat\/ca\/pjur_ocults\/pjur_resultats_fitxa\/?action=fitxa&amp;mode=single&amp;documentId=282457&amp;language=ca_ES\">Ley catalana de Cooperaci\u00f3n<\/a> y la <a href=\"https:\/\/portaljuridic.gencat.cat\/ca\/pjur_ocults\/pjur_resultats_fitxa\/?action=fitxa&amp;portalId=1&amp;documentId=676911&amp;newLang=ca_ES\">Ley de Acci\u00f3n Exterior<\/a>.<\/p>\n\n\n\n<p><\/p>\n\n\n\n<p><strong>\u00bfQu\u00e9 queremos?<\/strong><\/p>\n\n\n\n<p>La creaci\u00f3n de un centro p\u00fablico que garantice que toda empresa que opera en Catalunya y\/o preste servicios a cualquier administraci\u00f3n p\u00fablica catalana cumple escrupulosamente con el respeto de los derechos humanos, tanto en territorio catal\u00e1n como en el exterior.<\/p>\n\n\n\n<p>Entre las funciones de este centro p\u00fablico estar\u00eda el poder recibir y contrastar denuncias de comunidades afectadas por empresas presentes en Catalu\u00f1a, de manera que si este Centro emitiese un informe que confirmara cualquier tipo de violaci\u00f3n en el \u00e1mbito de los derechos humanos no pudiese operar m\u00e1s en territorio catal\u00e1n hasta que hubiese reparado las vulneraciones llevadas cabo y hubiese cambiado sus pol\u00edticas internas para evitar posibles futuras vulneraciones de derechos.<\/p>\n\n\n\n<p><\/p>\n\n\n\n<p><strong>Qu\u00e9 hemos hecho?<\/strong><br>Desde hace m\u00e1s de cinco a\u00f1os hemos estado haciendo incidencia pol\u00edtica en el Parlamento con el objetivo que desde esta instituci\u00f3n se apoye a la creaci\u00f3n del centro catal\u00e1n de empresa y derechos humanos. Fruto de este trabajo el Parlamento se ha posicionado ya dos veces, y en ambas veces por unanimidad, a favor de la creaci\u00f3n de este centro (ver <a href=\"https:\/\/www.parlament.cat\/getdocie\/11004496\">resoluci\u00f3n 359\/XI<\/a> de noviembre de 2016 y la <a href=\"https:\/\/www.parlament.cat\/getdocie\/12004735\">moci\u00f3n 78\/XII<\/a> de abril del 2019).<\/p>\n\n\n\n<p><em>[Para tener m\u00e1s informaci\u00f3n sobre esta tarea de incidencia, leer:<\/em><a href=\"http:\/\/www.lafede.cat\/el-parlament-reafirma-per-unanimitat-el-seu-compromis-amb-el-centre-catala-dempreses-i-drets-humans\/\"><em> El Parlament reafirma per unanimitat el seu comprom\u00eds amb el Centre catal\u00e0 d&#8217;empreses i drets humans<\/em><\/a><em> o tambi\u00e9n:<\/em><a href=\"http:\/\/www.lafede.cat\/el-parlament-aprova-per-unanimitat-una-proposta-pionera-de-control-de-les-empreses-catalanes-a-lexterior\/\"><em> El Parlament aprova per unanimitat una proposta pionera de control de les empreses catalanes a l&#8217;exterior<\/em><\/a><em>]<\/em><\/p>\n\n\n\n<p><strong>Cronolog\u00eda del trabajo hecho de incidencia social y pol\u00edtica desde noviembre de 2014<\/strong><\/p>\n\n\n\n<ul class=\"wp-block-list\">\n<li>La primera acci\u00f3n de incidencia se hace el noviembre de 2014 con la Ley de Acci\u00f3n Exterior cuando se consigue que esta ley incorpore la cooperaci\u00f3n internacional y el respecto a los derechos humanos de las empresas catalanas (<a href=\"http:\/\/www.lafede.cat\/les-ong-aconsegueixen-que-la-llei-daccio-exterior-incorpori-la-cooperacio-internacional-i-el-respecte-als-drets-humans-de-les-empreses-catalanes\/\">http:\/\/www.lafede.cat\/les-ong-aconsegueixen-que-la-llei-daccio-exterior-incorpori-la-cooperacio-internacional-i-el-respecte-als-drets-humans-de-les-empreses-catalanes\/<\/a>) <\/li>\n\n\n\n<li>El primer acto p\u00fablico que hace el grupo es en febrero de 2015 con el Seminario \u201cEmpresas catalanas al exterior. Qu\u00e9 criterios vinculantes en el respecto de los Derechos Humanos?\u201d (<a href=\"http:\/\/www.lafede.cat\/seminari-empreses-catalanes-a-lexterior-quins-criteris-vinculants-en-el-respecte-dels-drets-humans\/\">http:\/\/www.lafede.cat\/seminari-empreses-catalanes-a-lexterior-quins-criteris-vinculants-en-el-respecte-dels-drets-humans\/<\/a>) <\/li>\n\n\n\n<li>El grupo impulsa la creaci\u00f3n Grupo de Sensibilizaci\u00f3n a las Empresas dentro del Consejo de Cooperaci\u00f3n, grupo que se re\u00fane asiduamente de abril de 2015 hasta julio 2017 (se participa de este grupo donde se debate con Gobierno, empresas y sindicatos el borrador de Estrategia Nacional de Empresa y Derechos Humanos que nunca vio la luz). <\/li>\n\n\n\n<li>Presentaci\u00f3n Informe Buenaventura en el Parlamento \u2013 junio 2015 (<a href=\"http:\/\/www.lafede.cat\/lafede-cat-i-la-taula-catalana-per-colombia-denuncien-greus-impactes-socials-i-mediambientals-de-lempresa-catalana-tcb-a-la-ciutat-colombiana-de-buenaventura\/\">http:\/\/www.lafede.cat\/lafede-cat-i-la-taula-catalana-per-colombia-denuncien-greus-impactes-socials-i-mediambientals-de-lempresa-catalana-tcb-a-la-ciutat-colombiana-de-buenaventura\/<\/a>). <\/li>\n\n\n\n<li>Inicio seguimiento del proceso de Tratado Vinculante a las Naciones Unidas &#8211; julio 2015 (<a href=\"http:\/\/www.lafede.cat\/transnacionals-i-drets-humans-mobilitzacions-a-ginebra-i-primers-resultats-a-casa-nostra\/\">http:\/\/www.lafede.cat\/transnacionals-i-drets-humans-mobilitzacions-a-ginebra-i-primers-resultats-a-casa-nostra\/<\/a>).<\/li>\n\n\n\n<li>Delegaci\u00f3n catalana con el Parlamento a Buenaventura (Colombia) \u2013 abril 2016 (<a href=\"http:\/\/www.lafede.cat\/una-delegacio-catalana-visitara-buenaventura-colombia-per-supervisar-sobre-el-terreny-lactuacio-de-lempresa-catalana-tcb-acusada-de-greus-impactes-socials-i-ambientals\/\">http:\/\/www.lafede.cat\/una-delegacio-catalana-visitara-buenaventura-colombia-per-supervisar-sobre-el-terreny-lactuacio-de-lempresa-catalana-tcb-acusada-de-greus-impactes-socials-i-ambientals\/<\/a>).<\/li>\n\n\n\n<li>Seminario de Empresas y DDHH en el Parlamento en que se presenta el informe de retorno de la delegaci\u00f3n catalana a Buenaventura y se consigue el primer acuerdo pol\u00edtico para la creaci\u00f3n de un Centro p\u00fablico de evaluaci\u00f3n de los impactos de las empresas catalanas en el exterior \u2013 junio 2016 (<a href=\"http:\/\/www.lafede.cat\/acord-politic-per-a-la-creacio-dun-centre-public-davaluacio-dels-impactes-de-les-empreses-catalanes-a-lexterior\/\">http:\/\/www.lafede.cat\/acord-politic-per-a-la-creacio-dun-centre-public-davaluacio-dels-impactes-de-les-empreses-catalanes-a-lexterior\/<\/a>).<\/li>\n\n\n\n<li>Segunda delegaci\u00f3n catalana en Ginebra donde se presenta la propuesta de Centro &#8211; octubre 2016.<\/li>\n\n\n\n<li>Aprobaci\u00f3n de la primera resoluci\u00f3n 359\/XI a la Comisi\u00f3n de Acci\u00f3n Exterior y Cooperaci\u00f3n del Parlamento por unanimidad de todos los grupos parlamentarios \u2013 noviembre 2016 (<a href=\"http:\/\/www.lafede.cat\/el-parlament-aprova-per-unanimitat-una-proposta-pionera-de-control-de-les-empreses-catalanes-a-lexterior\/\">http:\/\/www.lafede.cat\/el-parlament-aprova-per-unanimitat-una-proposta-pionera-de-control-de-les-empreses-catalanes-a-lexterior\/<\/a>).<\/li>\n\n\n\n<li>Se presenta nuestra propuesta de Centro a la plenaria del Consejo de Cooperaci\u00f3n al Desarrollo dado que no se avanza el trabajo dentro del grupo de trabajo de sensibilizaci\u00f3n a las empresas. Este hecho provoca que el Gobierno se vea obligado a presentar estrategia &#8211; abril 2017 (<a href=\"http:\/\/www.lafede.cat\/el-grup-de-treball-dempreses-i-dh-presenta-la-proposta-de-centre-davaluacio-dels-impactes-de-les-empreses-catalanes-a-lexterior\/\">http:\/\/www.lafede.cat\/el-grup-de-treball-dempreses-i-dh-presenta-la-proposta-de-centre-davaluacio-dels-impactes-de-les-empreses-catalanes-a-lexterior\/<\/a>).<\/li>\n\n\n\n<li>Comparecencia en el Parlamento para explicar nuestra propuesta de Centro &#8211; 2017.<\/li>\n\n\n\n<li>Tercera delegaci\u00f3n catalana en Ginebra para defender el Tratado Vinculante a DESNUDO &#8211; octubre 2017 (<a href=\"http:\/\/www.lafede.cat\/nova-sessio-a-nacions-unides\/\">http:\/\/www.lafede.cat\/nova-sessio-a-nacions-unides\/<\/a>).<\/li>\n\n\n\n<li>Retorno a la sociedad catalana de las negociaciones de Ginebra &#8211; noviembre 2017 (<a href=\"http:\/\/www.lafede.cat\/el-tractatvinculant-continua-endavant-gracies-a-la-pressio-social\/\">http:\/\/www.lafede.cat\/el-tractatvinculant-continua-endavant-gracies-a-la-pressio-social\/<\/a>).<\/li>\n\n\n\n<li>Preguntas parlamentarias a los Consejeros Romeva (2017) y Maragall (2018).<\/li>\n\n\n\n<li>Se pide en el Gobierno espa\u00f1ol que se comprometa con el Tratado Vinculante &#8211; febrero 2018 (<a href=\"http:\/\/www.lafede.cat\/lafede-cat-demana-al-govern-espanyol-que-simpliqui-en-les-negociacions-per-un-tractat-vinculant-sobre-empresa-i-drets-humans-a-nacions-unides\/\">http:\/\/www.lafede.cat\/lafede-cat-demana-al-govern-espanyol-que-simpliqui-en-les-negociacions-per-un-tractat-vinculant-sobre-empresa-i-drets-humans-a-nacions-unides\/<\/a>).<\/li>\n\n\n\n<li>Se hace seguimiento del proceso de DESNUDO en Ginebra ante el peligro que la UE lo paralice &#8211; marzo 2018 (<a href=\"http:\/\/www.lafede.cat\/lo-proces-por-la-redaccio-del-tratado-vinculante-contin\u00faa-a pesar de-los-intentos-de-la-ue-para-frenarlo\/\">http:\/\/www.lafede.cat\/lo-proces-por-la-redaccio-del-tratado-vinculante-contin\u00faa-a pesar de-los-intentos-de-la-ue-para-frenarlo\/<\/a>).<\/li>\n\n\n\n<li>Se participa en la cuarta sesi\u00f3n de Ginebra y se hace de nuevo un retorno a la sociedad civil catalana de c\u00f3mo han ido las negociaciones a DESNUDO &#8211; octubre 2018 (<a href=\"http:\/\/www.lafede.cat\/quarta-sessio-a-ginebra-per-negociar-el-tractat-vinculant-dempreses-i-drets-humans\/\">http:\/\/www.lafede.cat\/quarta-sessio-a-ginebra-per-negociar-el-tractat-vinculant-dempreses-i-drets-humans\/<\/a>).<\/li>\n\n\n\n<li>El Parlamento reafirma su compromiso con el Centro a trav\u00e9s una nueva moci\u00f3n 78\/XII, ahora al plenario del Parlamento y de nuevo por unanimidad &#8211; el abril de 2019 (<a href=\"http:\/\/www.lafede.cat\/el-parlament-reafirma-per-unanimitat-el-seu-compromis-amb-el-centre-catala-dempreses-i-drets-humans\/\">http:\/\/www.lafede.cat\/el-parlament-reafirma-per-unanimitat-el-seu-compromis-amb-el-centre-catala-dempreses-i-drets-humans\/<\/a>).<\/li>\n\n\n\n<li>El grupo participa de nuevo en la quinta ronda de negociaciones de Ginebra y hace retorno de sus resultados &#8211; octubre 2019 (<a href=\"http:\/\/www.lafede.cat\/nacions-unides-i-el-control-de-les-transnacionals-la-societat-civil-no-tira-la-tovallola\/\">http:\/\/www.lafede.cat\/nacions-unides-i-el-control-de-les-transnacionals-la-societat-civil-no-tira-la-tovallola\/<\/a>).<\/li>\n\n\n\n<li>El junio de 2020 se aprueba la tercera resoluci\u00f3n en el Parlamento &#8211; en concreto a la Comisi\u00f3n de Acci\u00f3n Exterior, Relaciones Institucionales y Transparencia &#8211; a favor de la creaci\u00f3n del Centro (esta vez con mayor\u00eda absoluta): <a href=\"https:\/\/www.parlament.cat\/document\/bopc\/33680927.pdf#page=32\">https:\/\/www.parlament.cat\/document\/bopc\/33680927.pdf#page=32<\/a>.<\/li>\n\n\n\n<li>El 2 de julio de 2020 se entra a registro la propuesta de ley de creaci\u00f3n del Centro de Empresa Y Derechos Humanos <a href=\"http:\/\/www.lafede.cat\/un-pas-endavant-per-a-la-creacio-del-centre-catala-dempreses-i-drets-humans-es-registra-la-proposta-de-llei-al-parlament\">http:\/\/www.lafede.cat\/un-pas-endavant-per-a-la-creacio-del-centre-catala-dempreses-i-drets-humans-es-registra-la-proposta-de-llei-al-parlament<\/a>\/ <\/li>\n\n\n\n<li>El Pleno del 8 de octubre de 2020 debate la admisi\u00f3n a tr\u00e1mite parlamentario de la Ley: <a href=\"https:\/\/www.parlament.cat\/web\/actualitat\/ordre-dia\/index.html?p_od0=0004612074 \">https:\/\/www.parlament.cat\/web\/actualitat\/ordre-dia\/index.html?p_od0=0004612074 <\/a><\/li>\n\n\n\n<li>El 1 de julio de 2021 se vuelve a registrar la propuesta de ley porque hab\u00eda deca\u00eddo con la convocatoria de elecciones el 14 de febrero de 2021: <a href=\"https:\/\/www.lafede.cat\/ca\/mes-de-8-000-entitats-i-cooperatives-impulsen-la-creacio-del-centre-catala-dempresa-i-drets-humans\">https:\/\/www.lafede.cat\/ca\/mes-de-8-000-entitats-i-cooperatives-impulsen-la-creacio-del-centre-catala-dempresa-i-drets-humans<\/a>\/<\/li>\n\n\n\n<li>El 9 de febrero de 2022 se da luz verde por segunda vez al tr\u00e1mite parlamentario de la Ley de creaci\u00f3n del Centro Catal\u00e1n de Empresa y Derechos Humanos: <a href=\"https:\/\/www.lafede.cat\/ca\/llum-verda-al-parlament-per-fer-realitat-el-centre-catala-dempresa-i-drets-humans\/\">https:\/\/www.lafede.cat\/ca\/llum-verda-al-parlament-per-fer-realitat-el-centre-catala-dempresa-i-drets-humans\/<\/a> <\/li>\n\n\n\n<li>El 21 de abril de 2022 se organiza un acto p\u00fablico al Convento de San Agust\u00edn (Barcelona), bajo el t\u00edtulo: \u00abPor qu\u00e9 hace falta un Centro Catal\u00e1n de Empresa y Derechos Humanos?\u00bb con el objetivo de sensibilizar sociedad sobre la importancia del Centro y a la vez para incidir sobre los grupos parlamentarios a fin de que se cree la ponencia de la ley: <a href=\"https:\/\/www.lafede.cat\/ca\/acte-public-el-21-dabril-per-que-cal-un-centre-catala-dempresa-i-drets-humans\">https:\/\/www.lafede.cat\/ca\/acte-public-el-21-dabril-per-que-cal-un-centre-catala-dempresa-i-drets-humans<\/a>\/ <\/li>\n\n\n\n<li>El 5 de julio de 2022 las entidades sociales denuncian ante el Parlamento la inacci\u00f3n de los grupos parlamentarios para crear la ponencia de la la Ley: <a href=\"https:\/\/www.lafede.cat\/ca\/entitats-socials-denuncien-la-manca-de-voluntat-politica-per-tirar-endavant-el-centre-catala-dempresa-i-drets-humans-davant-el-parlament\/\">https:\/\/www.lafede.cat\/ca\/entitats-socials-denuncien-la-manca-de-voluntat-politica-per-tirar-endavant-el-centre-catala-dempresa-i-drets-humans-davant-el-parlament\/<\/a> <\/li>\n\n\n\n<li>El 11 de abril de 2023 el Grupo Catal\u00e1n de Empresa y Derechos Humanos comparece a la Ponencia de creaci\u00f3n de la Ley del Centro Catal\u00e1n de Empresa y Derechos Humanos: <a href=\"https:\/\/www.lafede.cat\/ca\/el-centre-catala-dempresa-i-drets-humans-mes-a-prop-de-fer-se-realitat\/\">https:\/\/www.lafede.cat\/ca\/el-centre-catala-dempresa-i-drets-humans-mes-a-prop-de-fer-se-realitat\/<\/a><\/li>\n\n\n\n<li>El 4 de mayo de 2023 el Grupo Catal\u00e1n de Empresa y Derechos Humanos comparece en rueda de prensa en el Parlamento de Catalu\u00f1a para exponer sus demandas en relaci\u00f3n en la propuesta de Ley de creaci\u00f3n del Centro Catal\u00e1n de Empresa y Derechos Humanos: <a href=\"https:\/\/www.lafede.cat\/ca\/les-entitats-socials-reclamen-al-parlament-un-centre-dempresa-i-drets-humans-eficac-per-vetllar-pels-drets-humans-en-lambit-empresarial-catala\/ \">https:\/\/www.lafede.cat\/ca\/les-entitats-socials-reclamen-al-parlament-un-centre-dempresa-i-drets-humans-eficac-per-vetllar-pels-drets-humans-en-lambit-empresarial-catala\/ <\/a><\/li>\n<\/ul>\n\n\n\n<p><strong>\u00bfC\u00f3mo puedes contactar con nosotr@s?<\/strong><\/p>\n\n\n\n<p>Si quieres ponerte en contacto con nosotr@s puedes escribirnos un correo-e a: <a href=\"mailto:alertadh@lafede.cat\">alertadh@lafede.cat<\/a><\/p>\n\n\n\n<p><strong>Recursos<\/strong><\/p>\n\n\n\n<ul class=\"wp-block-list\">\n<li>Campa\u00f1a Global para Reivindicar la Soberan\u00eda de los Pueblos, Desmantelar el Poder Corporativo y Poner Fin a la Impunidad: <a href=\"https:\/\/www.stopcorporateimpunity.org\/\">https:\/\/www.stopcorporateimpunity.org\/<\/a><\/li>\n<\/ul>\n\n\n\n<ul class=\"wp-block-list\">\n<li>Atlas de justicia ambiental (EJATLAS): <a href=\"https:\/\/ejatlas.org\/\">https:\/\/ejatlas.org\/<\/a><\/li>\n<\/ul>\n\n\n\n<ul class=\"wp-block-list\">\n<li>Red Europea de Observatorios de Transnacionales (ENCO):&nbsp;&nbsp;&nbsp;&nbsp;&nbsp;&nbsp; <a href=\"https:\/\/corpwatchers.eu\/\">https:\/\/corpwatchers.eu\/<\/a><\/li>\n<\/ul>\n\n\n\n<ul class=\"wp-block-list\">\n<li>Mapeo de empresas de seguridad privada Shock Monitor: <a href=\"http:\/\/shockmonitor.org\/\">http:\/\/shockmonitor.org\/<\/a> <\/li>\n<\/ul>\n\n\n\n<ul class=\"wp-block-list\">\n<li>OMAL (Observatorio de Multinacionales en Am\u00e9rica Latina): <a href=\"http:\/\/omal.info\/\">http:\/\/omal.info\/<\/a><\/li>\n<\/ul>\n\n\n\n<ul class=\"wp-block-list\">\n<li>MIRADOR &#8211; Gresea, observatorio belga de transnacionales: <a href=\"http:\/\/www.mirador-multinationales.be\/\">http:\/\/www.mirador-multinationales.be\/<\/a> <\/li>\n<\/ul>\n\n\n\n<ul class=\"wp-block-list\">\n<li>Observatoire de Multinationales (Francia): <a href=\"https:\/\/multinationales.org\/\">https:\/\/multinationales.org\/<\/a><\/li>\n<\/ul>\n\n\n\n<ul class=\"wp-block-list\">\n<li>Corporate Europe Observatory: <a href=\"https:\/\/corporateeurope.org\/en\">https:\/\/corporateeurope.org\/en<\/a><\/li>\n<\/ul>\n\n\n\n<ul class=\"wp-block-list\">\n<li>Observatori del Deute en la Globalitzaci\u00f3 (ODG): <a href=\"https:\/\/odg.cat\/\">https:\/\/odg.cat\/<\/a><\/li>\n<\/ul>\n\n\n\n<ul class=\"wp-block-list\">\n<li>Caso Castor: <a href=\"https:\/\/casocastor.net\/\">https:\/\/casocastor.net\/<\/a><\/li>\n<\/ul>\n\n\n\n<ul class=\"wp-block-list\">\n<li>Observatori de Drets Humans i Empresas a la Mediterr\u00e0nea \u2013 ODHE: <a href=\"http:\/\/www.odhe.cat\/\">http:\/\/www.odhe.cat\/<\/a><\/li>\n<\/ul>\n\n\n\n<ul class=\"wp-block-list\">\n<li>Transnational Institute: <a href=\"https:\/\/www.tni.org\/es\">https:\/\/www.tni.org\/es<\/a><\/li>\n<\/ul>\n\n\n\n<ul class=\"wp-block-list\">\n<li>Tribunal Permanente de los Pueblos: <a href=\"http:\/\/permanentpeoplestribunal.org\">http:\/\/permanentpeoplestribunal.org<\/a><\/li>\n<\/ul>\n\n\n\n<p><strong>Informes<\/strong><\/p>\n\n\n\n<ul class=\"wp-block-list\">\n<li> \u00abEl v\u00ednculo entre la UE y la impunidad empresarial. La construcci\u00f3n del tratado vinculante de la onu sobre empresas transnacionales y derechos humanos\u00bb (M\u00f3nica Vargas, Olivier Petitjean, Brid Brennan, Raffaele Morgantini y Juliette Renaud , 2018, disponible en: <a href=\"https:\/\/www.tni.org\/files\/publication-downloads\/el_vinculo_entre_la_ue_y_la_impunidad_empresarial.pdf\">https:\/\/www.tni.org\/files\/publication-downloads\/el_vinculo_entre_la_ue_y_la_impunidad_empresarial.pdf<\/a>) <\/li>\n<\/ul>\n\n\n\n<ul class=\"wp-block-list\">\n<li>\u201cFondos p\u00fablicos, negocios privados\u201d (Erika Gonz\u00e1lez, Beatriz Casado y Marta Fern\u00e1ndez, Informe OMAL n\u00ba 22, marzo de 2020, disponible en: <a href=\"http:\/\/omal.info\/spip.php?article9110\">http:\/\/omal.info\/spip.php?article9110<\/a>)<\/li>\n<\/ul>\n\n\n\n<p><strong>Bibliograf\u00eda<\/strong><\/p>\n\n\n\n<ul class=\"wp-block-list\">\n<li>Juan Hern\u00e1ndez Zubizarreta, Erika Gonz\u00e1lez y Pedro Ramiro \u00abDiccionario cr\u00edtico de empresas transnacionales. Claves para enfrentar el poder de las grandes corporaciones\u00bb (2012, Icaria).<\/li>\n<\/ul>\n\n\n\n<ul class=\"wp-block-list\">\n<li>Gonzalo Fern\u00e1ndez Ortiz de Z\u00e1rate \u00abAlternativas al poder corporativo. 20 propuestas para una agenda de transici\u00f3n en disputa con las empresas transnacionales\u00bb (2016, Icaria)<\/li>\n<\/ul>\n\n\n\n<ul class=\"wp-block-list\">\n<li>Pedro Ramiro y Erika Gonz\u00e1lez \u00abA d\u00f3nde va el capitalismo espa\u00f1ol\u00bb (2019, Traficantes de Sue\u00f1os)<\/li>\n<\/ul>\n\n\n\n<p><br><\/p>\n\n\n\n<hr class=\"wp-block-separator has-css-opacity\"\/>\n\n\n\n<figure class=\"wp-block-image size-large is-resized\"><img loading=\"lazy\" decoding=\"async\" width=\"250\" height=\"100\" src=\"https:\/\/alertadh.org\/wp-content\/uploads\/2020\/01\/logo_lafede_30@2x-6.jpg\" alt=\"\" class=\"wp-image-526\" style=\"width:140px\"\/><\/figure>\n\n\n\n<figure class=\"wp-block-image size-large is-resized\"><img loading=\"lazy\" decoding=\"async\" width=\"312\" height=\"142\" src=\"https:\/\/alertadh.org\/wp-content\/uploads\/2021\/04\/logo_Taula_Cat_P_DH_Colombia-2.png\" alt=\"\" class=\"wp-image-1067\" style=\"width:142px;height:65px\" srcset=\"https:\/\/alertadh.org\/wp-content\/uploads\/2021\/04\/logo_Taula_Cat_P_DH_Colombia-2.png 312w, https:\/\/alertadh.org\/wp-content\/uploads\/2021\/04\/logo_Taula_Cat_P_DH_Colombia-2-300x137.png 300w\" sizes=\"auto, (max-width: 312px) 100vw, 312px\" \/><\/figure>\n","protected":false},"excerpt":{"rendered":"<p>\u00bfQui\u00e9nes somos? El grupo catal\u00e1n de empresa y DDHH est\u00e1 conformado por 22 entidades de dos plataformas de segundo nivel, Lafede.cat \u2013 Organitzacions per a la Just\u00edcia Global y la Taula Catalana per la Pau i els Drets Humans a Col\u00f2mbia, adem\u00e1s de contar con personas expertas de la Universitat Aut\u00f2noma de Barcelona, la Universitat de Barcelona, la Universitat de Girona, la Universitat Rovira i Virgili y la Universitat del Pa\u00eds Vasco. Las 22 entidades que formamos el grupo somos la ACAPS &#8211; Federaci\u00f3 d\u2019Associacions Catalanes Amigues del Poble Sahrau\u00ed, Alianza por la Solidaridad, AlterNativa Intercanvi amb Pobles ind\u00edgenes, Amnistia [&hellip;]<\/p>\n","protected":false},"author":1,"featured_media":0,"parent":0,"menu_order":0,"comment_status":"closed","ping_status":"closed","template":"","meta":{"_acf_changed":false,"footnotes":""},"class_list":["post-288","page","type-page","status-publish","hentry"],"acf":[],"_links":{"self":[{"href":"https:\/\/alertadh.org\/es\/wp-json\/wp\/v2\/pages\/288","targetHints":{"allow":["GET"]}}],"collection":[{"href":"https:\/\/alertadh.org\/es\/wp-json\/wp\/v2\/pages"}],"about":[{"href":"https:\/\/alertadh.org\/es\/wp-json\/wp\/v2\/types\/page"}],"author":[{"embeddable":true,"href":"https:\/\/alertadh.org\/es\/wp-json\/wp\/v2\/users\/1"}],"replies":[{"embeddable":true,"href":"https:\/\/alertadh.org\/es\/wp-json\/wp\/v2\/comments?post=288"}],"version-history":[{"count":22,"href":"https:\/\/alertadh.org\/es\/wp-json\/wp\/v2\/pages\/288\/revisions"}],"predecessor-version":[{"id":2308,"href":"https:\/\/alertadh.org\/es\/wp-json\/wp\/v2\/pages\/288\/revisions\/2308"}],"wp:attachment":[{"href":"https:\/\/alertadh.org\/es\/wp-json\/wp\/v2\/media?parent=288"}],"curies":[{"name":"wp","href":"https:\/\/api.w.org\/{rel}","templated":true}]}}